{"id":9,"date":"2024-07-25T14:33:36","date_gmt":"2024-07-25T12:33:36","guid":{"rendered":"http:\/\/puchstein.at\/?page_id=9"},"modified":"2024-07-25T16:19:43","modified_gmt":"2024-07-25T14:19:43","slug":"referenzen","status":"publish","type":"page","link":"http:\/\/puchstein.at\/?page_id=9","title":{"rendered":"Referenzen"},"content":{"rendered":"<p>Bereits errichtete Bauvorhaben:<\/p>\n<p><a href=\"http:\/\/puchstein.at\/?page_id=50\"><strong>Reihenh\u00e4user Hallein<\/strong><\/a><br \/>\n<strong><a href=\"http:\/\/puchstein.at\/?page_id=57\">Reihenh\u00e4user Puch 1 und 2<\/a><\/strong><br \/>\n<strong><a href=\"http:\/\/puchstein.at\/?page_id=75\">Reihenh\u00e4user Puch 3<\/a><\/strong><br \/>\n<strong><a href=\"http:\/\/puchstein.at\/?page_id=78\" rel=\"noopener\">Wohnhaus Puch 4<\/a><\/strong><br \/>\n<strong><a href=\"http:\/\/puchstein.at\/?page_id=162\" rel=\"noopener\">Wohnhaus Adnet 1<\/a><\/strong><br \/>\n<strong><a href=\"http:\/\/puchstein.at\/?page_id=177\" rel=\"noopener\">Wohnhaus Adnet 2<\/a><\/strong><\/p>\n<p><strong><a href=\"http:\/\/puchstein.at\/?page_id=691\" target=\"_blank\" rel=\"noopener\">Wohnhaus Puch 5<\/a><\/strong><\/p>\n","protected":false},"excerpt":{"rendered":"<p>Bereits errichtete Bauvorhaben: Reihenh\u00e4user Hallein Reihenh\u00e4user Puch 1 und 2 Reihenh\u00e4user Puch 3 Wohnhaus Puch 4 Wohnhaus Adnet 1 Wohnhaus Adnet 2 Wohnhaus Puch 5<\/p>\n","protected":false},"author":1,"featured_media":0,"parent":0,"menu_order":0,"comment_status":"closed","ping_status":"closed","template":"","meta":{"footnotes":""},"class_list":["post-9","page","type-page","status-publish","hentry"],"_links":{"self":[{"href":"http:\/\/puchstein.at\/index.php?rest_route=\/wp\/v2\/pages\/9","targetHints":{"allow":["GET"]}}],"collection":[{"href":"http:\/\/puchstein.at\/index.php?rest_route=\/wp\/v2\/pages"}],"about":[{"href":"http:\/\/puchstein.at\/index.php?rest_route=\/wp\/v2\/types\/page"}],"author":[{"embeddable":true,"href":"http:\/\/puchstein.at\/index.php?rest_route=\/wp\/v2\/users\/1"}],"replies":[{"embeddable":true,"href":"http:\/\/puchstein.at\/index.php?rest_route=%2Fwp%2Fv2%2Fcomments&post=9"}],"version-history":[{"count":12,"href":"http:\/\/puchstein.at\/index.php?rest_route=\/wp\/v2\/pages\/9\/revisions"}],"predecessor-version":[{"id":699,"href":"http:\/\/puchstein.at\/index.php?rest_route=\/wp\/v2\/pages\/9\/revisions\/699"}],"wp:attachment":[{"href":"http:\/\/puchstein.at\/index.php?rest_route=%2Fwp%2Fv2%2Fmedia&parent=9"}],"curies":[{"name":"wp","href":"https:\/\/api.w.org\/{rel}","templated":true}]}}