{"id":81,"date":"2024-07-25T15:51:15","date_gmt":"2024-07-25T13:51:15","guid":{"rendered":"http:\/\/puchstein.at\/?page_id=81"},"modified":"2026-01-22T15:27:47","modified_gmt":"2026-01-22T13:27:47","slug":"wohnbaufoerderung","status":"publish","type":"page","link":"http:\/\/puchstein.at\/?page_id=81","title":{"rendered":"Wohnbauf\u00f6rderung"},"content":{"rendered":"<h3>Lassen Sie sich die F\u00f6rderung nicht entgehen!<\/h3>\n<h3><span style=\"color: #ff0000;\"><strong>Tabelle Wohnbauf\u00f6rderung zu Projekt Wohnhaus Puch 6<\/strong><\/span><\/h3>\n<p><a href=\"http:\/\/puchstein.at\/wp-content\/uploads\/2026\/01\/Wohnbaufoerderung-und-Nebenkosten-20260114.pdf\"><strong>Wohnbauf\u00f6rderung und Nebenkosten 2026-01-14<\/strong><\/a><\/p>\n<p>Weitere Informationen direkt \u00fcber die beiden Links der Salzburger Wohnbauf\u00f6rderung.<\/p>\n<p><a href=\"https:\/\/www.salzburg.gv.at\/bauenwohnen_\/Seiten\/wohnbaufoerderung.aspx\" target=\"_blank\" rel=\"noopener noreferrer\">https:\/\/www.salzburg.gv.at\/bauenwohnen_\/Seiten\/wohnbaufoerderung.aspx<\/a><\/p>\n<p><a href=\"https:\/\/www.salzburg.gv.at\/dienststellen\/sonstige-einrichtungen\/sir\" target=\"_blank\" rel=\"noopener noreferrer\">https:\/\/www.salzburg.gv.at\/dienststellen\/sonstige-einrichtungen\/sir<\/a><\/p>\n\n\n<p><\/p>\n","protected":false},"excerpt":{"rendered":"<p>Lassen Sie sich die F\u00f6rderung nicht entgehen! Tabelle Wohnbauf\u00f6rderung zu Projekt Wohnhaus Puch 6 Wohnbauf\u00f6rderung und Nebenkosten 2026-01-14 Weitere Informationen direkt \u00fcber die beiden Links der Salzburger Wohnbauf\u00f6rderung. https:\/\/www.salzburg.gv.at\/bauenwohnen_\/Seiten\/wohnbaufoerderung.aspx https:\/\/www.salzburg.gv.at\/dienststellen\/sonstige-einrichtungen\/sir<\/p>\n","protected":false},"author":1,"featured_media":0,"parent":0,"menu_order":0,"comment_status":"closed","ping_status":"closed","template":"","meta":{"footnotes":""},"class_list":["post-81","page","type-page","status-publish","hentry"],"_links":{"self":[{"href":"http:\/\/puchstein.at\/index.php?rest_route=\/wp\/v2\/pages\/81","targetHints":{"allow":["GET"]}}],"collection":[{"href":"http:\/\/puchstein.at\/index.php?rest_route=\/wp\/v2\/pages"}],"about":[{"href":"http:\/\/puchstein.at\/index.php?rest_route=\/wp\/v2\/types\/page"}],"author":[{"embeddable":true,"href":"http:\/\/puchstein.at\/index.php?rest_route=\/wp\/v2\/users\/1"}],"replies":[{"embeddable":true,"href":"http:\/\/puchstein.at\/index.php?rest_route=%2Fwp%2Fv2%2Fcomments&post=81"}],"version-history":[{"count":45,"href":"http:\/\/puchstein.at\/index.php?rest_route=\/wp\/v2\/pages\/81\/revisions"}],"predecessor-version":[{"id":757,"href":"http:\/\/puchstein.at\/index.php?rest_route=\/wp\/v2\/pages\/81\/revisions\/757"}],"wp:attachment":[{"href":"http:\/\/puchstein.at\/index.php?rest_route=%2Fwp%2Fv2%2Fmedia&parent=81"}],"curies":[{"name":"wp","href":"https:\/\/api.w.org\/{rel}","templated":true}]}}