{"id":2,"date":"2024-07-25T14:18:54","date_gmt":"2024-07-25T12:18:54","guid":{"rendered":"http:\/\/puchstein.at\/?page_id=2"},"modified":"2024-07-25T14:18:54","modified_gmt":"2024-07-25T12:18:54","slug":"sample-page","status":"publish","type":"page","link":"http:\/\/puchstein.at\/","title":{"rendered":"Home"},"content":{"rendered":"<h4><\/h4>\n<h3><span style=\"color: #008000;\">Neues Projekt:<\/span><span style=\"color: #ff0000;\"><br \/>\n<a style=\"color: #ff0000;\" href=\"http:\/\/puchstein.at\/?page_id=189\">Wohnhaus Puch 6 &#8211; Am Bachweg mit 8 Wohnungen<\/a><\/span><\/h3>\n<h4><\/h4>\n<p>Organisationsprofil:<br \/>\nCAD-Planung &#8211; Ausschreibung &#8211; Bauleitung &#8211; Projektmanagement &#8211; Bautr\u00e4ger &#8211; Immobilien<\/p>\n<p>F\u00fcr Informationen stehen wir Ihnen gerne zur Verf\u00fcgung<\/p>\n<p>PUCHSTEIN Projektierungs- u. Bautr\u00e4ger GmbH<br \/>\nA-5412 Puch, Schlossweg 8<\/p>\n<p>Telefon: +43 (0)6245\/83242<br \/>\nFAX: +43 (0)6245\/83242-4<br \/>\nE-Mail: <a href=\"mailto:office@puchstein.at\">office@puchstein.at<\/a><\/p>\n<p>Senden Sie E-Mail mit Fragen oder Kommentaren zu dieser Website an: <a href=\"mailto:office@puchstein.at\">office@puchstein.at<\/a><\/p>\n","protected":false},"excerpt":{"rendered":"<p>Neues Projekt: Wohnhaus Puch 6 &#8211; Am Bachweg mit 8 Wohnungen Organisationsprofil: CAD-Planung &#8211; Ausschreibung &#8211; Bauleitung &#8211; Projektmanagement &#8211; Bautr\u00e4ger &#8211; Immobilien F\u00fcr Informationen stehen wir Ihnen gerne zur Verf\u00fcgung PUCHSTEIN Projektierungs- u. Bautr\u00e4ger GmbH A-5412 Puch, Schlossweg 8 Telefon: +43 (0)6245\/83242 FAX: +43 (0)6245\/83242-4 E-Mail: office@puchstein.at Senden Sie E-Mail mit Fragen oder Kommentaren [&hellip;]<\/p>\n","protected":false},"author":1,"featured_media":0,"parent":0,"menu_order":0,"comment_status":"closed","ping_status":"open","template":"","meta":{"footnotes":""},"class_list":["post-2","page","type-page","status-publish","hentry"],"_links":{"self":[{"href":"http:\/\/puchstein.at\/index.php?rest_route=\/wp\/v2\/pages\/2","targetHints":{"allow":["GET"]}}],"collection":[{"href":"http:\/\/puchstein.at\/index.php?rest_route=\/wp\/v2\/pages"}],"about":[{"href":"http:\/\/puchstein.at\/index.php?rest_route=\/wp\/v2\/types\/page"}],"author":[{"embeddable":true,"href":"http:\/\/puchstein.at\/index.php?rest_route=\/wp\/v2\/users\/1"}],"replies":[{"embeddable":true,"href":"http:\/\/puchstein.at\/index.php?rest_route=%2Fwp%2Fv2%2Fcomments&post=2"}],"version-history":[{"count":19,"href":"http:\/\/puchstein.at\/index.php?rest_route=\/wp\/v2\/pages\/2\/revisions"}],"predecessor-version":[{"id":661,"href":"http:\/\/puchstein.at\/index.php?rest_route=\/wp\/v2\/pages\/2\/revisions\/661"}],"wp:attachment":[{"href":"http:\/\/puchstein.at\/index.php?rest_route=%2Fwp%2Fv2%2Fmedia&parent=2"}],"curies":[{"name":"wp","href":"https:\/\/api.w.org\/{rel}","templated":true}]}}