{"id":189,"date":"2024-07-25T16:17:29","date_gmt":"2024-07-25T14:17:29","guid":{"rendered":"http:\/\/puchstein.at\/?page_id=189"},"modified":"2026-01-22T15:20:33","modified_gmt":"2026-01-22T13:20:33","slug":"wh-puch-6","status":"publish","type":"page","link":"http:\/\/puchstein.at\/?page_id=189","title":{"rendered":"Wohnhaus Puch 6 &#8211; Am Bachweg"},"content":{"rendered":"\n<div class=\"wp-block-group is-nowrap is-layout-flex wp-container-core-group-is-layout-ad2f72ca wp-block-group-is-layout-flex\">\n<div class=\"wp-block-columns is-layout-flex wp-container-core-columns-is-layout-9d6595d7 wp-block-columns-is-layout-flex\">\n<div class=\"wp-block-column is-layout-flow wp-block-column-is-layout-flow\" style=\"flex-basis:100%\">\n<p><a href=\"http:\/\/puchstein.at\/wp-content\/uploads\/2024\/07\/002_Ansicht-Sued-Gesamt-scaled.jpg\"><img loading=\"lazy\" decoding=\"async\" class=\"aligncenter wp-image-606 size-full\" src=\"http:\/\/puchstein.at\/wp-content\/uploads\/2024\/07\/002_Ansicht-Sued-Gesamt-scaled.jpg\" alt=\"\" width=\"2560\" height=\"1810\" srcset=\"http:\/\/puchstein.at\/wp-content\/uploads\/2024\/07\/002_Ansicht-Sued-Gesamt-scaled.jpg 2560w, http:\/\/puchstein.at\/wp-content\/uploads\/2024\/07\/002_Ansicht-Sued-Gesamt-300x212.jpg 300w, http:\/\/puchstein.at\/wp-content\/uploads\/2024\/07\/002_Ansicht-Sued-Gesamt-1200x849.jpg 1200w, http:\/\/puchstein.at\/wp-content\/uploads\/2024\/07\/002_Ansicht-Sued-Gesamt-768x543.jpg 768w, http:\/\/puchstein.at\/wp-content\/uploads\/2024\/07\/002_Ansicht-Sued-Gesamt-1536x1086.jpg 1536w, http:\/\/puchstein.at\/wp-content\/uploads\/2024\/07\/002_Ansicht-Sued-Gesamt-2048x1448.jpg 2048w\" sizes=\"auto, (max-width: 2560px) 100vw, 2560px\" \/><\/a><\/p>\n<p><a href=\"http:\/\/puchstein.at\/wp-content\/uploads\/2024\/07\/003_Ansicht-Sued-scaled.jpg\"><img loading=\"lazy\" decoding=\"async\" class=\"alignnone size-full wp-image-607\" src=\"http:\/\/puchstein.at\/wp-content\/uploads\/2024\/07\/003_Ansicht-Sued-scaled.jpg\" alt=\"\" width=\"2560\" height=\"1810\" srcset=\"http:\/\/puchstein.at\/wp-content\/uploads\/2024\/07\/003_Ansicht-Sued-scaled.jpg 2560w, http:\/\/puchstein.at\/wp-content\/uploads\/2024\/07\/003_Ansicht-Sued-300x212.jpg 300w, http:\/\/puchstein.at\/wp-content\/uploads\/2024\/07\/003_Ansicht-Sued-1200x849.jpg 1200w, http:\/\/puchstein.at\/wp-content\/uploads\/2024\/07\/003_Ansicht-Sued-768x543.jpg 768w, http:\/\/puchstein.at\/wp-content\/uploads\/2024\/07\/003_Ansicht-Sued-1536x1086.jpg 1536w, http:\/\/puchstein.at\/wp-content\/uploads\/2024\/07\/003_Ansicht-Sued-2048x1448.jpg 2048w\" sizes=\"auto, (max-width: 2560px) 100vw, 2560px\" \/><\/a><\/p>\n<h4>\u00a0<\/h4>\n<h2>Pl\u00e4ne &#8211; Prospekt:<\/h2>\n<h4><strong><a href=\"http:\/\/puchstein.at\/?page_id=303\" target=\"_blank\" rel=\"noopener noreferrer\">Lageplan<\/a><\/strong><\/h4>\n<h4><strong><a href=\"http:\/\/puchstein.at\/wp-content\/uploads\/2024\/11\/Projektbeschreibung-20241030.pdf\" target=\"_blank\" rel=\"noopener\">Projektbeschreibung 20241030<\/a>\u00a0 WH Puch 6 (PDF)<\/strong><\/h4>\n<h4><strong><a href=\"http:\/\/puchstein.at\/wp-content\/uploads\/2024\/07\/WH-Puch-6_Prospekt-e-mail.pdf\" target=\"_blank\" rel=\"noopener\">WH-Puch 6_Prospekt-e-mail<\/a>\u00a0 Gesamtprospekt (PDF)\u00a0<\/strong><\/h4>\n<div id='gallery-1' class='gallery galleryid-189 gallery-columns-3 gallery-size-medium'><dl class='gallery-item'>\n\t\t\t<dt class='gallery-icon landscape'>\n\t\t\t\t<a href='http:\/\/puchstein.at\/wp-content\/uploads\/2024\/07\/004_Lage-Tiefgeschoss-scaled.jpg'><img loading=\"lazy\" decoding=\"async\" width=\"300\" height=\"212\" src=\"http:\/\/puchstein.at\/wp-content\/uploads\/2024\/07\/004_Lage-Tiefgeschoss-300x212.jpg\" class=\"attachment-medium size-medium\" alt=\"\" aria-describedby=\"gallery-1-608\" srcset=\"http:\/\/puchstein.at\/wp-content\/uploads\/2024\/07\/004_Lage-Tiefgeschoss-300x212.jpg 300w, http:\/\/puchstein.at\/wp-content\/uploads\/2024\/07\/004_Lage-Tiefgeschoss-1200x849.jpg 1200w, http:\/\/puchstein.at\/wp-content\/uploads\/2024\/07\/004_Lage-Tiefgeschoss-768x543.jpg 768w, http:\/\/puchstein.at\/wp-content\/uploads\/2024\/07\/004_Lage-Tiefgeschoss-1536x1086.jpg 1536w, http:\/\/puchstein.at\/wp-content\/uploads\/2024\/07\/004_Lage-Tiefgeschoss-2048x1448.jpg 2048w\" sizes=\"auto, (max-width: 300px) 100vw, 300px\" \/><\/a>\n\t\t\t<\/dt>\n\t\t\t\t<dd class='wp-caption-text gallery-caption' id='gallery-1-608'>\n\t\t\t\t\u00dcbersicht Tiefgeschoss\n\t\t\t\t<\/dd><\/dl><dl class='gallery-item'>\n\t\t\t<dt class='gallery-icon landscape'>\n\t\t\t\t<a href='http:\/\/puchstein.at\/wp-content\/uploads\/2024\/07\/005_Uebersicht-Untergeschoss-scaled.jpg'><img loading=\"lazy\" decoding=\"async\" width=\"300\" height=\"212\" src=\"http:\/\/puchstein.at\/wp-content\/uploads\/2024\/07\/005_Uebersicht-Untergeschoss-300x212.jpg\" class=\"attachment-medium size-medium\" alt=\"\" aria-describedby=\"gallery-1-609\" srcset=\"http:\/\/puchstein.at\/wp-content\/uploads\/2024\/07\/005_Uebersicht-Untergeschoss-300x212.jpg 300w, http:\/\/puchstein.at\/wp-content\/uploads\/2024\/07\/005_Uebersicht-Untergeschoss-1200x849.jpg 1200w, http:\/\/puchstein.at\/wp-content\/uploads\/2024\/07\/005_Uebersicht-Untergeschoss-768x543.jpg 768w, http:\/\/puchstein.at\/wp-content\/uploads\/2024\/07\/005_Uebersicht-Untergeschoss-1536x1086.jpg 1536w, http:\/\/puchstein.at\/wp-content\/uploads\/2024\/07\/005_Uebersicht-Untergeschoss-2048x1448.jpg 2048w\" sizes=\"auto, (max-width: 300px) 100vw, 300px\" \/><\/a>\n\t\t\t<\/dt>\n\t\t\t\t<dd class='wp-caption-text gallery-caption' id='gallery-1-609'>\n\t\t\t\t\u00dcbersicht Untergeschoss\n\t\t\t\t<\/dd><\/dl><dl class='gallery-item'>\n\t\t\t<dt class='gallery-icon landscape'>\n\t\t\t\t<a href='http:\/\/puchstein.at\/wp-content\/uploads\/2024\/07\/006_Uebersicht-Erdgeschoss-scaled.jpg'><img loading=\"lazy\" decoding=\"async\" width=\"300\" height=\"212\" src=\"http:\/\/puchstein.at\/wp-content\/uploads\/2024\/07\/006_Uebersicht-Erdgeschoss-300x212.jpg\" class=\"attachment-medium size-medium\" alt=\"\" aria-describedby=\"gallery-1-610\" srcset=\"http:\/\/puchstein.at\/wp-content\/uploads\/2024\/07\/006_Uebersicht-Erdgeschoss-300x212.jpg 300w, http:\/\/puchstein.at\/wp-content\/uploads\/2024\/07\/006_Uebersicht-Erdgeschoss-1200x849.jpg 1200w, http:\/\/puchstein.at\/wp-content\/uploads\/2024\/07\/006_Uebersicht-Erdgeschoss-768x543.jpg 768w, http:\/\/puchstein.at\/wp-content\/uploads\/2024\/07\/006_Uebersicht-Erdgeschoss-1536x1086.jpg 1536w, http:\/\/puchstein.at\/wp-content\/uploads\/2024\/07\/006_Uebersicht-Erdgeschoss-2048x1448.jpg 2048w\" sizes=\"auto, (max-width: 300px) 100vw, 300px\" \/><\/a>\n\t\t\t<\/dt>\n\t\t\t\t<dd class='wp-caption-text gallery-caption' id='gallery-1-610'>\n\t\t\t\t\u00dcbersicht Erdgeschoss\n\t\t\t\t<\/dd><\/dl><br style=\"clear: both\" \/><dl class='gallery-item'>\n\t\t\t<dt class='gallery-icon landscape'>\n\t\t\t\t<a href='http:\/\/puchstein.at\/wp-content\/uploads\/2024\/07\/007_Uebersicht-Dachgeschoss-scaled.jpg'><img loading=\"lazy\" decoding=\"async\" width=\"300\" height=\"212\" src=\"http:\/\/puchstein.at\/wp-content\/uploads\/2024\/07\/007_Uebersicht-Dachgeschoss-300x212.jpg\" class=\"attachment-medium size-medium\" alt=\"\" aria-describedby=\"gallery-1-611\" srcset=\"http:\/\/puchstein.at\/wp-content\/uploads\/2024\/07\/007_Uebersicht-Dachgeschoss-300x212.jpg 300w, http:\/\/puchstein.at\/wp-content\/uploads\/2024\/07\/007_Uebersicht-Dachgeschoss-1200x849.jpg 1200w, http:\/\/puchstein.at\/wp-content\/uploads\/2024\/07\/007_Uebersicht-Dachgeschoss-768x543.jpg 768w, http:\/\/puchstein.at\/wp-content\/uploads\/2024\/07\/007_Uebersicht-Dachgeschoss-1536x1086.jpg 1536w, http:\/\/puchstein.at\/wp-content\/uploads\/2024\/07\/007_Uebersicht-Dachgeschoss-2048x1448.jpg 2048w\" sizes=\"auto, (max-width: 300px) 100vw, 300px\" \/><\/a>\n\t\t\t<\/dt>\n\t\t\t\t<dd class='wp-caption-text gallery-caption' id='gallery-1-611'>\n\t\t\t\t\u00dcbersicht Dachgeschoss\n\t\t\t\t<\/dd><\/dl><dl class='gallery-item'>\n\t\t\t<dt class='gallery-icon landscape'>\n\t\t\t\t<a href='http:\/\/puchstein.at\/wp-content\/uploads\/2024\/07\/008_UG-Top1-scaled.jpg'><img loading=\"lazy\" decoding=\"async\" width=\"300\" height=\"212\" src=\"http:\/\/puchstein.at\/wp-content\/uploads\/2024\/07\/008_UG-Top1-300x212.jpg\" class=\"attachment-medium size-medium\" alt=\"\" aria-describedby=\"gallery-1-612\" srcset=\"http:\/\/puchstein.at\/wp-content\/uploads\/2024\/07\/008_UG-Top1-300x212.jpg 300w, http:\/\/puchstein.at\/wp-content\/uploads\/2024\/07\/008_UG-Top1-1200x849.jpg 1200w, http:\/\/puchstein.at\/wp-content\/uploads\/2024\/07\/008_UG-Top1-768x543.jpg 768w, http:\/\/puchstein.at\/wp-content\/uploads\/2024\/07\/008_UG-Top1-1536x1086.jpg 1536w, http:\/\/puchstein.at\/wp-content\/uploads\/2024\/07\/008_UG-Top1-2048x1448.jpg 2048w\" sizes=\"auto, (max-width: 300px) 100vw, 300px\" \/><\/a>\n\t\t\t<\/dt>\n\t\t\t\t<dd class='wp-caption-text gallery-caption' id='gallery-1-612'>\n\t\t\t\tTOP 1 &#8211; UG\n\t\t\t\t<\/dd><\/dl><dl class='gallery-item'>\n\t\t\t<dt class='gallery-icon landscape'>\n\t\t\t\t<a href='http:\/\/puchstein.at\/wp-content\/uploads\/2024\/07\/009_UG-Top2-scaled.jpg'><img loading=\"lazy\" decoding=\"async\" width=\"300\" height=\"212\" src=\"http:\/\/puchstein.at\/wp-content\/uploads\/2024\/07\/009_UG-Top2-300x212.jpg\" class=\"attachment-medium size-medium\" alt=\"\" aria-describedby=\"gallery-1-621\" srcset=\"http:\/\/puchstein.at\/wp-content\/uploads\/2024\/07\/009_UG-Top2-300x212.jpg 300w, http:\/\/puchstein.at\/wp-content\/uploads\/2024\/07\/009_UG-Top2-1200x849.jpg 1200w, http:\/\/puchstein.at\/wp-content\/uploads\/2024\/07\/009_UG-Top2-768x543.jpg 768w, http:\/\/puchstein.at\/wp-content\/uploads\/2024\/07\/009_UG-Top2-1536x1086.jpg 1536w, http:\/\/puchstein.at\/wp-content\/uploads\/2024\/07\/009_UG-Top2-2048x1448.jpg 2048w\" sizes=\"auto, (max-width: 300px) 100vw, 300px\" \/><\/a>\n\t\t\t<\/dt>\n\t\t\t\t<dd class='wp-caption-text gallery-caption' id='gallery-1-621'>\n\t\t\t\tTOP 2 &#8211; UG\n\t\t\t\t<\/dd><\/dl><br style=\"clear: both\" \/><dl class='gallery-item'>\n\t\t\t<dt class='gallery-icon landscape'>\n\t\t\t\t<a href='http:\/\/puchstein.at\/wp-content\/uploads\/2024\/07\/010_UG-Top3-scaled.jpg'><img loading=\"lazy\" decoding=\"async\" width=\"300\" height=\"212\" src=\"http:\/\/puchstein.at\/wp-content\/uploads\/2024\/07\/010_UG-Top3-300x212.jpg\" class=\"attachment-medium size-medium\" alt=\"\" aria-describedby=\"gallery-1-622\" srcset=\"http:\/\/puchstein.at\/wp-content\/uploads\/2024\/07\/010_UG-Top3-300x212.jpg 300w, http:\/\/puchstein.at\/wp-content\/uploads\/2024\/07\/010_UG-Top3-1200x849.jpg 1200w, http:\/\/puchstein.at\/wp-content\/uploads\/2024\/07\/010_UG-Top3-768x543.jpg 768w, http:\/\/puchstein.at\/wp-content\/uploads\/2024\/07\/010_UG-Top3-1536x1086.jpg 1536w, http:\/\/puchstein.at\/wp-content\/uploads\/2024\/07\/010_UG-Top3-2048x1448.jpg 2048w\" sizes=\"auto, (max-width: 300px) 100vw, 300px\" \/><\/a>\n\t\t\t<\/dt>\n\t\t\t\t<dd class='wp-caption-text gallery-caption' id='gallery-1-622'>\n\t\t\t\tTOP 3 &#8211; UG\n\t\t\t\t<\/dd><\/dl><dl class='gallery-item'>\n\t\t\t<dt class='gallery-icon landscape'>\n\t\t\t\t<a href='http:\/\/puchstein.at\/wp-content\/uploads\/2024\/07\/011_EG-Top4-scaled.jpg'><img loading=\"lazy\" decoding=\"async\" width=\"300\" height=\"212\" src=\"http:\/\/puchstein.at\/wp-content\/uploads\/2024\/07\/011_EG-Top4-300x212.jpg\" class=\"attachment-medium size-medium\" alt=\"\" aria-describedby=\"gallery-1-623\" srcset=\"http:\/\/puchstein.at\/wp-content\/uploads\/2024\/07\/011_EG-Top4-300x212.jpg 300w, http:\/\/puchstein.at\/wp-content\/uploads\/2024\/07\/011_EG-Top4-1200x849.jpg 1200w, http:\/\/puchstein.at\/wp-content\/uploads\/2024\/07\/011_EG-Top4-768x543.jpg 768w, http:\/\/puchstein.at\/wp-content\/uploads\/2024\/07\/011_EG-Top4-1536x1086.jpg 1536w, http:\/\/puchstein.at\/wp-content\/uploads\/2024\/07\/011_EG-Top4-2048x1448.jpg 2048w\" sizes=\"auto, (max-width: 300px) 100vw, 300px\" \/><\/a>\n\t\t\t<\/dt>\n\t\t\t\t<dd class='wp-caption-text gallery-caption' id='gallery-1-623'>\n\t\t\t\tTOP 4 &#8211; EG\n\t\t\t\t<\/dd><\/dl><dl class='gallery-item'>\n\t\t\t<dt class='gallery-icon landscape'>\n\t\t\t\t<a href='http:\/\/puchstein.at\/wp-content\/uploads\/2024\/07\/012_EG-Top5-scaled.jpg'><img loading=\"lazy\" decoding=\"async\" width=\"300\" height=\"212\" src=\"http:\/\/puchstein.at\/wp-content\/uploads\/2024\/07\/012_EG-Top5-300x212.jpg\" class=\"attachment-medium size-medium\" alt=\"\" aria-describedby=\"gallery-1-624\" srcset=\"http:\/\/puchstein.at\/wp-content\/uploads\/2024\/07\/012_EG-Top5-300x212.jpg 300w, http:\/\/puchstein.at\/wp-content\/uploads\/2024\/07\/012_EG-Top5-1200x849.jpg 1200w, http:\/\/puchstein.at\/wp-content\/uploads\/2024\/07\/012_EG-Top5-768x543.jpg 768w, http:\/\/puchstein.at\/wp-content\/uploads\/2024\/07\/012_EG-Top5-1536x1086.jpg 1536w, http:\/\/puchstein.at\/wp-content\/uploads\/2024\/07\/012_EG-Top5-2048x1448.jpg 2048w\" sizes=\"auto, (max-width: 300px) 100vw, 300px\" \/><\/a>\n\t\t\t<\/dt>\n\t\t\t\t<dd class='wp-caption-text gallery-caption' id='gallery-1-624'>\n\t\t\t\tTOP 5 &#8211; EG\n\t\t\t\t<\/dd><\/dl><br style=\"clear: both\" \/><dl class='gallery-item'>\n\t\t\t<dt class='gallery-icon landscape'>\n\t\t\t\t<a href='http:\/\/puchstein.at\/wp-content\/uploads\/2024\/07\/013_EG-Top6-scaled.jpg'><img loading=\"lazy\" decoding=\"async\" width=\"300\" height=\"212\" src=\"http:\/\/puchstein.at\/wp-content\/uploads\/2024\/07\/013_EG-Top6-300x212.jpg\" class=\"attachment-medium size-medium\" alt=\"\" aria-describedby=\"gallery-1-625\" srcset=\"http:\/\/puchstein.at\/wp-content\/uploads\/2024\/07\/013_EG-Top6-300x212.jpg 300w, http:\/\/puchstein.at\/wp-content\/uploads\/2024\/07\/013_EG-Top6-1200x849.jpg 1200w, http:\/\/puchstein.at\/wp-content\/uploads\/2024\/07\/013_EG-Top6-768x543.jpg 768w, http:\/\/puchstein.at\/wp-content\/uploads\/2024\/07\/013_EG-Top6-1536x1086.jpg 1536w, http:\/\/puchstein.at\/wp-content\/uploads\/2024\/07\/013_EG-Top6-2048x1448.jpg 2048w\" sizes=\"auto, (max-width: 300px) 100vw, 300px\" \/><\/a>\n\t\t\t<\/dt>\n\t\t\t\t<dd class='wp-caption-text gallery-caption' id='gallery-1-625'>\n\t\t\t\tTOP 6 &#8211; EG\n\t\t\t\t<\/dd><\/dl><dl class='gallery-item'>\n\t\t\t<dt class='gallery-icon landscape'>\n\t\t\t\t<a href='http:\/\/puchstein.at\/wp-content\/uploads\/2024\/07\/014_DG-Top7-scaled.jpg'><img loading=\"lazy\" decoding=\"async\" width=\"300\" height=\"212\" src=\"http:\/\/puchstein.at\/wp-content\/uploads\/2024\/07\/014_DG-Top7-300x212.jpg\" class=\"attachment-medium size-medium\" alt=\"\" aria-describedby=\"gallery-1-626\" srcset=\"http:\/\/puchstein.at\/wp-content\/uploads\/2024\/07\/014_DG-Top7-300x212.jpg 300w, http:\/\/puchstein.at\/wp-content\/uploads\/2024\/07\/014_DG-Top7-1200x849.jpg 1200w, http:\/\/puchstein.at\/wp-content\/uploads\/2024\/07\/014_DG-Top7-768x543.jpg 768w, http:\/\/puchstein.at\/wp-content\/uploads\/2024\/07\/014_DG-Top7-1536x1086.jpg 1536w, http:\/\/puchstein.at\/wp-content\/uploads\/2024\/07\/014_DG-Top7-2048x1448.jpg 2048w\" sizes=\"auto, (max-width: 300px) 100vw, 300px\" \/><\/a>\n\t\t\t<\/dt>\n\t\t\t\t<dd class='wp-caption-text gallery-caption' id='gallery-1-626'>\n\t\t\t\tTOP 7 &#8211; DG\n\t\t\t\t<\/dd><\/dl><dl class='gallery-item'>\n\t\t\t<dt class='gallery-icon landscape'>\n\t\t\t\t<a href='http:\/\/puchstein.at\/wp-content\/uploads\/2024\/07\/015_DG-Top8-scaled.jpg'><img loading=\"lazy\" decoding=\"async\" width=\"300\" height=\"212\" src=\"http:\/\/puchstein.at\/wp-content\/uploads\/2024\/07\/015_DG-Top8-300x212.jpg\" class=\"attachment-medium size-medium\" alt=\"\" aria-describedby=\"gallery-1-627\" srcset=\"http:\/\/puchstein.at\/wp-content\/uploads\/2024\/07\/015_DG-Top8-300x212.jpg 300w, http:\/\/puchstein.at\/wp-content\/uploads\/2024\/07\/015_DG-Top8-1200x849.jpg 1200w, http:\/\/puchstein.at\/wp-content\/uploads\/2024\/07\/015_DG-Top8-768x543.jpg 768w, http:\/\/puchstein.at\/wp-content\/uploads\/2024\/07\/015_DG-Top8-1536x1086.jpg 1536w, http:\/\/puchstein.at\/wp-content\/uploads\/2024\/07\/015_DG-Top8-2048x1448.jpg 2048w\" sizes=\"auto, (max-width: 300px) 100vw, 300px\" \/><\/a>\n\t\t\t<\/dt>\n\t\t\t\t<dd class='wp-caption-text gallery-caption' id='gallery-1-627'>\n\t\t\t\tTOP 8 &#8211; DG\n\t\t\t\t<\/dd><\/dl><br style=\"clear: both\" \/>\n\t\t<\/div>\n\n<h4 style=\"text-align: center;\">\u00a0<\/h4>\n<h4 style=\"text-align: left;\"><strong><a href=\"http:\/\/puchstein.at\/wp-content\/uploads\/2026\/01\/Wohnungsliste-WH-Puch-6-2026-01-14.pdf\" target=\"_blank\" rel=\"noopener\">Wohnungsliste WH-Puch 6 2026-01-14<\/a><\/strong><\/h4>\n<h4><strong><a href=\"http:\/\/puchstein.at\/wp-content\/uploads\/2024\/07\/Bau-undAusstattungsbeschreibung_20240801-Standard.pdf\" target=\"_blank\" rel=\"noopener\">Bau-und Ausstattungsbeschreibung_20240801 Standard<\/a> (PDF)<\/strong><strong>\u00a0<\/strong><\/h4>\n<h4><a href=\"http:\/\/puchstein.at\/wp-content\/uploads\/2024\/07\/WH-Puch-6_Sanitaer-Bilderliste-01.08.2024.pdf\" target=\"_blank\" rel=\"noopener\"><strong>WH-Puch 6_Sanit\u00e4r-Bilderliste 01.08.2024<\/strong><\/a> sanit\u00e4re Einrichtungsgegenst\u00e4nde (PDF)<\/h4>\n<h4><span style=\"color: #0000ff;\">Fliesenkatalog:<br \/><a href=\"http:\/\/puchstein.at\/wp-content\/uploads\/2024\/07\/Fliesen_CCV_catalogo_FUSION.pdf\" target=\"_blank\" rel=\"noopener\"><strong>Fliesen_CCV_catalogo_FUSION<\/strong><\/a><br \/><\/span><\/h4>\n<\/div>\n<\/div>\n<\/div>\n\n\n\n<p><\/p>\n","protected":false},"excerpt":{"rendered":"<p>\u00a0 Pl\u00e4ne &#8211; Prospekt: Lageplan Projektbeschreibung 20241030\u00a0 WH Puch 6 (PDF) WH-Puch 6_Prospekt-e-mail\u00a0 Gesamtprospekt (PDF)\u00a0 \u00a0 Wohnungsliste WH-Puch 6 2026-01-14 Bau-und Ausstattungsbeschreibung_20240801 Standard (PDF)\u00a0 WH-Puch 6_Sanit\u00e4r-Bilderliste 01.08.2024 sanit\u00e4re Einrichtungsgegenst\u00e4nde (PDF) Fliesenkatalog:Fliesen_CCV_catalogo_FUSION<\/p>\n","protected":false},"author":1,"featured_media":0,"parent":0,"menu_order":0,"comment_status":"closed","ping_status":"closed","template":"","meta":{"footnotes":""},"class_list":["post-189","page","type-page","status-publish","hentry"],"_links":{"self":[{"href":"http:\/\/puchstein.at\/index.php?rest_route=\/wp\/v2\/pages\/189","targetHints":{"allow":["GET"]}}],"collection":[{"href":"http:\/\/puchstein.at\/index.php?rest_route=\/wp\/v2\/pages"}],"about":[{"href":"http:\/\/puchstein.at\/index.php?rest_route=\/wp\/v2\/types\/page"}],"author":[{"embeddable":true,"href":"http:\/\/puchstein.at\/index.php?rest_route=\/wp\/v2\/users\/1"}],"replies":[{"embeddable":true,"href":"http:\/\/puchstein.at\/index.php?rest_route=%2Fwp%2Fv2%2Fcomments&post=189"}],"version-history":[{"count":143,"href":"http:\/\/puchstein.at\/index.php?rest_route=\/wp\/v2\/pages\/189\/revisions"}],"predecessor-version":[{"id":754,"href":"http:\/\/puchstein.at\/index.php?rest_route=\/wp\/v2\/pages\/189\/revisions\/754"}],"wp:attachment":[{"href":"http:\/\/puchstein.at\/index.php?rest_route=%2Fwp%2Fv2%2Fmedia&parent=189"}],"curies":[{"name":"wp","href":"https:\/\/api.w.org\/{rel}","templated":true}]}}